{"id":16,"date":"2022-01-16T21:01:05","date_gmt":"2022-01-16T20:01:05","guid":{"rendered":"https:\/\/e-fuvarok.hu\/?page_id=16"},"modified":"2022-02-11T11:22:19","modified_gmt":"2022-02-11T10:22:19","slug":"kedves-partnereink","status":"publish","type":"page","link":"https:\/\/e-fuvarok.hu\/","title":{"rendered":"C\u00edm n\u00e9lk\u00fcl"},"content":{"rendered":"\n<div class=\"wp-block-image\"><figure class=\"alignleft size-large is-resized\"><img loading=\"lazy\" decoding=\"async\" src=\"https:\/\/e-fuvarok.hu\/wp-content\/uploads\/2022\/02\/app-icon-1024x1024.png\" alt=\"\" class=\"wp-image-43\" width=\"119\" height=\"119\" srcset=\"https:\/\/e-fuvarok.hu\/wp-content\/uploads\/2022\/02\/app-icon.png 1024w, https:\/\/e-fuvarok.hu\/wp-content\/uploads\/2022\/02\/app-icon-300x300.png 300w, https:\/\/e-fuvarok.hu\/wp-content\/uploads\/2022\/02\/app-icon-150x150.png 150w, https:\/\/e-fuvarok.hu\/wp-content\/uploads\/2022\/02\/app-icon-768x768.png 768w\" sizes=\"auto, (max-width: 119px) 100vw, 119px\" \/><\/figure><\/div>\n\n\n\n<p class=\"has-extra-large-font-size\"> <strong>Kedves Partnereink!<\/strong><\/p>\n\n\n\n<p>A Bogos Trans Kft az eltelt \u00e9vekben \u00e1tlagosan \u00e9vi t\u00f6bb mint egy milli\u00f3 tonna \u00f6mlesztett \u00e1ru sz\u00e1ll\u00edt\u00e1ssal b\u00edzta meg szerz\u0151d\u00e9ses alv\u00e1llalkoz\u00f3 partnereit. Biztosak vagyunk benne, hogy csak k\u00f6z\u00f6sen \u00e9s egym\u00e1s \u00e9rdekeit szem el\u0151tt tartva tudunk hat\u00e9konys\u00e1got n\u00f6velni \u00e9s eredm\u00e9nyesek lenne.<\/p>\n\n\n\n<p>A Bogos-Trans Kft. hossz\u00fa id\u0151 \u00f3ta min\u0151s\u00e9gi partnerkapcsolatra t\u00f6rekszik minden fuvaroz\u00f3val, ez\u00e9rt az idei \u00e9vi c\u00e9ljai k\u00f6z\u00f6tt szerepel, az&nbsp;<strong>e-fuvarok<\/strong>&nbsp;elnevez\u00e9s\u0171 fuvart\u00e1j\u00e9koztat\u00f3 applik\u00e1ci\u00f3 elind\u00edt\u00e1sa.<\/p>\n\n\n\n<p>Az&nbsp;<strong>e-fuvarok<\/strong>&nbsp;applik\u00e1ci\u00f3 c\u00e9lja:<\/p>\n\n\n\n<ul class=\"wp-block-list\"><li>a megrendel\u00e9s be\u00e9rkez\u00e9s\u00e9t k\u00f6vet\u0151en azonnal tudjuk \u00e9rtes\u00edteni az \u00f6sszes partner\u00fcnket<\/li><li>minden partner\u00fcnk egyid\u0151ben \u00e9rtes\u00fclj\u00f6n a fuvarlehet\u0151s\u00e9gekr\u0151l<\/li><li>a lehet\u0151 legkor\u00e1bban szeretn\u00e9nk t\u00e1j\u00e9koztatni partnereinket a fuvarlehet\u0151s\u00e9gekr\u0151l, hogy egy\u00e9b fuvarfeladatokkal id\u0151ben kapcsolhat\u00f3 legyen a sz\u00e1ll\u00edt\u00e1s.<\/li><\/ul>\n\n\n\n<p>Hisz\u00fcnk benne, hogy az inform\u00e1ci\u00f3 \u00e1raml\u00e1s jav\u00edt\u00e1s\u00e1val nagyobb m\u00e9rt\u00e9kben tudjuk egym\u00e1s munk\u00e1j\u00e1t seg\u00edteni.<\/p>\n\n\n\n<p>Az&nbsp;<strong>e-fuvarok&nbsp;<\/strong>applik\u00e1ci\u00f3 let\u00f6lt\u00e9se:<\/p>\n\n\n\n<ol class=\"wp-block-list\"><li>Az&nbsp;<strong>e-fuvarok<\/strong>&nbsp;mobilapp \u00f6n\u00e1ll\u00f3 alkalmaz\u00e1sk\u00e9nt,&nbsp;<strong>e-fuvarok<\/strong>&nbsp;n\u00e9ven \u00e9rhet\u0151 el a k\u00e9t legnagyobb mobilalkalmaz\u00e1s-\u00e1ruh\u00e1zban, az AppStore-ban \u00e9s a Google Play-en.<\/li><\/ol>\n\n\n\n<div class=\"wp-block-image\"><figure class=\"alignleft size-full is-resized\"><a href=\"https:\/\/play.google.com\/store\/apps\/details?id=org.e_fuvarok\"><img loading=\"lazy\" decoding=\"async\" src=\"https:\/\/e-fuvarok.hu\/wp-content\/uploads\/2022\/02\/app-icon12.png\" alt=\"\" class=\"wp-image-50\" width=\"269\" height=\"136\"\/><\/a><\/figure><\/div>\n\n\n\n<div class=\"wp-block-image\"><figure class=\"alignleft size-full is-resized\"><a href=\"https:\/\/apps.apple.com\/hu\/app\/e-fuvarok\/id1608693170?l=hu\"><img loading=\"lazy\" decoding=\"async\" src=\"https:\/\/e-fuvarok.hu\/wp-content\/uploads\/2022\/02\/app-icon1.png\" alt=\"\" class=\"wp-image-49\" width=\"279\" height=\"138\"\/><\/a><\/figure><\/div>\n\n\n\n<ol class=\"wp-block-list\" start=\"2\"><li>A let\u00f6lt\u00e9st k\u00f6vet\u0151en n\u00e9h\u00e1ny alapadat megad\u00e1s\u00e1val be kell regisztr\u00e1lni.<\/li><li>A regisztr\u00e1ci\u00f3t k\u00f6vet\u0151en az applik\u00e1ci\u00f3 azonnal haszn\u00e1lhat\u00f3.<\/li><\/ol>\n\n\n\n<p>Az&nbsp;<strong>e-fuvarok&nbsp;<\/strong>applik\u00e1ci\u00f3 haszn\u00e1lata:<\/p>\n\n\n\n<p><strong>A.<\/strong>&nbsp;<strong>Keres\u00e9s a \u201efuvarlist\u00e1ban\u201d<\/strong><\/p>\n\n\n\n<ol class=\"wp-block-list\"><li>Jelentkezzen be a regisztr\u00e1ci\u00f3 sor\u00e1n megadott felhaszn\u00e1l\u00f3n\u00e9vvel \u00e9s jelsz\u00f3val<\/li><li>A bel\u00e9p\u00e9st k\u00f6vet\u0151en azonnal a \u201efuvarlista\u201d n\u00e9zetbe ker\u00fcl\u00fcnk, ahol a k\u00fcl\u00f6nb\u00f6z\u0151 aktu\u00e1lis fuvarfeladatok k\u00f6z\u00fcl lehet v\u00e1logatni az ablakot lefel\u00e9 g\u00f6rgetve. A felsorol\u00e1sban a fuvarfeladatok id\u0151rendi sorrendben szerepelnek. Az adott fuvarfeladat megnyit\u00e1s\u00e1t k\u00f6vet\u0151en olvashat\u00f3k a sz\u00e1ll\u00edt\u00e1s pontos param\u00e9terei \u00e9s az illet\u00e9kes fuvarszervez\u0151 neve \u00e9s el\u00e9rhet\u0151s\u00e9ge (aki a fuvarral \u00e9s a foglal\u00e1ssal kapcsolatos \u00f6sszes inform\u00e1ci\u00f3t megadja)<\/li><\/ol>\n\n\n\n<p><strong>B.<\/strong>&nbsp;<strong>Keres\u00e9s \u201et\u00e9rk\u00e9p\u201d n\u00e9zetben<\/strong><\/p>\n\n\n\n<ol class=\"wp-block-list\"><li>Jelentkezzen be a regisztr\u00e1ci\u00f3 sor\u00e1n megadott felhaszn\u00e1l\u00f3n\u00e9vvel \u00e9s jelsz\u00f3val<\/li><li>a \u201et\u00e9rk\u00e9pn\u00e9zet\u201d be\u00e1ll\u00edt\u00e1ssal egy Eur\u00f3pa t\u00e9rk\u00e9pen megjelen\u00edtve l\u00e1that\u00f3 az \u00f6sszes aktu\u00e1lis felrak\u00f3hely. Egy felrak\u00f3helyre r\u00e1koppintva megjelennek a sz\u00e1ll\u00edt\u00e1s pontos param\u00e9terei \u00e9s az illet\u00e9kes fuvarszervez\u0151 neve \u00e9s el\u00e9rhet\u0151s\u00e9ge (aki a fuvarral \u00e9s a foglal\u00e1ssal kapcsolatos \u00f6sszes inform\u00e1ci\u00f3t megadja)<\/li><\/ol>\n\n\n\n<p><strong>C. Keres\u00e9s id\u0151szakra<\/strong><\/p>\n\n\n\n<ol class=\"wp-block-list\"><li>A fuvarlista \u00e9s a t\u00e9rk\u00e9p n\u00e9zetben is van lehet\u0151s\u00e9g egy adott id\u0151szakra lesz\u0171rni a fuvarfeladatokat.<\/li><li>az id\u0151szak be\u00e1ll\u00edt\u00e1s\u00e1t k\u00f6vet\u0151en a fuvarfeladatok k\u00f6z\u00fcl csak az ker\u00fcl list\u00e1z\u00e1sra (a t\u00e9rk\u00e9pn\u00e9zetben a felrak\u00f3helyek k\u00f6z\u00fcl megjelen\u00edt\u00e9sre), amely a be\u00e1ll\u00edtott id\u0151szakban rakodhat\u00f3)<\/li><\/ol>\n\n\n\n<p><strong>Az applik\u00e1ci\u00f3 let\u00f6lt\u00e9s\u00e9vel vagy a haszn\u00e1lat\u00e1val kapcsolatos k\u00e9rd\u00e9s\u00e9t vagy visszajelz\u00e9st elk\u00fcldheti az&nbsp;<\/strong><strong><a href=\"mailto:info@e-fuvarok.hu\"><strong>info@e-fuvarok.hu<\/strong><\/a><\/strong><strong>&nbsp;email c\u00edmre, vagy h\u00e9tf\u0151t\u0151l p\u00e9ntekig munkaid\u0151ben telefonon egyeztethet Palk\u00f3 Ferenc munkat\u00e1rsunkkal a 06 70 331 5441 telefonsz\u00e1mon.<\/strong><\/p>\n","protected":false},"excerpt":{"rendered":"<p>Kedves Partnereink! A Bogos Trans Kft az eltelt \u00e9vekben \u00e1tlagosan \u00e9vi t\u00f6bb mint egy milli\u00f3 tonna \u00f6mlesztett \u00e1ru sz\u00e1ll\u00edt\u00e1ssal b\u00edzta meg szerz\u0151d\u00e9ses alv\u00e1llalkoz\u00f3 partnereit. Biztosak vagyunk benne, hogy csak k\u00f6z\u00f6sen \u00e9s egym\u00e1s \u00e9rdekeit szem el\u0151tt tartva tudunk hat\u00e9konys\u00e1got n\u00f6velni \u00e9s eredm\u00e9nyesek lenne. A Bogos-Trans Kft. hossz\u00fa id\u0151 \u00f3ta min\u0151s\u00e9gi partnerkapcsolatra t\u00f6rekszik minden fuvaroz\u00f3val, ez\u00e9rt az&hellip; <a class=\"more-link\" href=\"https:\/\/e-fuvarok.hu\/\"><span class=\"screen-reader-text\">C\u00edm n\u00e9lk\u00fcl<\/span> olvas\u00e1s\u00e1nak folytat\u00e1sa<\/a><\/p>\n","protected":false},"author":1,"featured_media":0,"parent":0,"menu_order":0,"comment_status":"closed","ping_status":"closed","template":"","meta":{"footnotes":""},"class_list":["post-16","page","type-page","status-publish","hentry","entry"],"_links":{"self":[{"href":"https:\/\/e-fuvarok.hu\/index.php?rest_route=\/wp\/v2\/pages\/16","targetHints":{"allow":["GET"]}}],"collection":[{"href":"https:\/\/e-fuvarok.hu\/index.php?rest_route=\/wp\/v2\/pages"}],"about":[{"href":"https:\/\/e-fuvarok.hu\/index.php?rest_route=\/wp\/v2\/types\/page"}],"author":[{"embeddable":true,"href":"https:\/\/e-fuvarok.hu\/index.php?rest_route=\/wp\/v2\/users\/1"}],"replies":[{"embeddable":true,"href":"https:\/\/e-fuvarok.hu\/index.php?rest_route=%2Fwp%2Fv2%2Fcomments&post=16"}],"version-history":[{"count":8,"href":"https:\/\/e-fuvarok.hu\/index.php?rest_route=\/wp\/v2\/pages\/16\/revisions"}],"predecessor-version":[{"id":53,"href":"https:\/\/e-fuvarok.hu\/index.php?rest_route=\/wp\/v2\/pages\/16\/revisions\/53"}],"wp:attachment":[{"href":"https:\/\/e-fuvarok.hu\/index.php?rest_route=%2Fwp%2Fv2%2Fmedia&parent=16"}],"curies":[{"name":"wp","href":"https:\/\/api.w.org\/{rel}","templated":true}]}}